{"id":190,"date":"2025-11-19T12:48:10","date_gmt":"2025-11-19T17:48:10","guid":{"rendered":"https:\/\/miperuexpress.com\/?page_id=190"},"modified":"2025-11-19T12:55:19","modified_gmt":"2025-11-19T17:55:19","slug":"transporte-de-carga","status":"publish","type":"page","link":"https:\/\/miperuexpress.com\/index.php\/transporte-de-carga\/","title":{"rendered":"Transporte de carga"},"content":{"rendered":"\t\t<div data-elementor-type=\"wp-page\" data-elementor-id=\"190\" class=\"elementor elementor-190\" data-elementor-post-type=\"page\">\n\t\t\t\t<div class=\"elementor-element elementor-element-8ee2d6b e-flex e-con-boxed e-con e-parent\" data-id=\"8ee2d6b\" data-element_type=\"container\" data-settings=\"{&quot;background_background&quot;:&quot;classic&quot;}\">\n\t\t\t\t\t<div class=\"e-con-inner\">\n\t\t<a class=\"elementor-element elementor-element-cbe68eb e-con-full e-transform e-flex e-con e-child\" data-id=\"cbe68eb\" data-element_type=\"container\" data-settings=\"{&quot;background_background&quot;:&quot;classic&quot;,&quot;_transform_translateX_effect_hover&quot;:{&quot;unit&quot;:&quot;px&quot;,&quot;size&quot;:0,&quot;sizes&quot;:[]},&quot;_transform_translateY_effect_hover&quot;:{&quot;unit&quot;:&quot;px&quot;,&quot;size&quot;:-5,&quot;sizes&quot;:[]},&quot;_transform_translateX_effect_hover_laptop&quot;:{&quot;unit&quot;:&quot;px&quot;,&quot;size&quot;:&quot;&quot;,&quot;sizes&quot;:[]},&quot;_transform_translateX_effect_hover_tablet&quot;:{&quot;unit&quot;:&quot;px&quot;,&quot;size&quot;:&quot;&quot;,&quot;sizes&quot;:[]},&quot;_transform_translateX_effect_hover_mobile&quot;:{&quot;unit&quot;:&quot;px&quot;,&quot;size&quot;:&quot;&quot;,&quot;sizes&quot;:[]},&quot;_transform_translateY_effect_hover_laptop&quot;:{&quot;unit&quot;:&quot;px&quot;,&quot;size&quot;:&quot;&quot;,&quot;sizes&quot;:[]},&quot;_transform_translateY_effect_hover_tablet&quot;:{&quot;unit&quot;:&quot;px&quot;,&quot;size&quot;:&quot;&quot;,&quot;sizes&quot;:[]},&quot;_transform_translateY_effect_hover_mobile&quot;:{&quot;unit&quot;:&quot;px&quot;,&quot;size&quot;:&quot;&quot;,&quot;sizes&quot;:[]}}\" href=\"https:\/\/miperuexpress.com\/index.php\/mudanzas\/\">\n\t\t\t\t<div class=\"elementor-element elementor-element-a4c3e9c elementor-widget elementor-widget-heading\" data-id=\"a4c3e9c\" data-element_type=\"widget\" data-widget_type=\"heading.default\">\n\t\t\t\t\t<h2 class=\"elementor-heading-title elementor-size-default\">Mudanzas<\/h2>\t\t\t\t<\/div>\n\t\t\t\t<div class=\"elementor-element elementor-element-d2b5637 elementor-widget elementor-widget-image\" data-id=\"d2b5637\" data-element_type=\"widget\" data-widget_type=\"image.default\">\n\t\t\t\t\t\t\t\t\t\t\t\t\t\t\t<img fetchpriority=\"high\" decoding=\"async\" width=\"800\" height=\"573\" src=\"https:\/\/miperuexpress.com\/wp-content\/uploads\/2025\/11\/icono-01-1024x733.png\" class=\"attachment-large size-large wp-image-110\" alt=\"\" srcset=\"https:\/\/miperuexpress.com\/wp-content\/uploads\/2025\/11\/icono-01-1024x733.png 1024w, https:\/\/miperuexpress.com\/wp-content\/uploads\/2025\/11\/icono-01-300x215.png 300w, https:\/\/miperuexpress.com\/wp-content\/uploads\/2025\/11\/icono-01-768x550.png 768w, https:\/\/miperuexpress.com\/wp-content\/uploads\/2025\/11\/icono-01.png 1417w\" sizes=\"(max-width: 800px) 100vw, 800px\" \/>\t\t\t\t\t\t\t\t\t\t\t\t\t\t\t<\/div>\n\t\t\t\t<\/a>\n\t\t<a class=\"elementor-element elementor-element-13c510c e-con-full e-transform e-flex e-con e-child\" data-id=\"13c510c\" data-element_type=\"container\" data-settings=\"{&quot;background_background&quot;:&quot;classic&quot;,&quot;_transform_translateX_effect_hover&quot;:{&quot;unit&quot;:&quot;px&quot;,&quot;size&quot;:0,&quot;sizes&quot;:[]},&quot;_transform_translateY_effect_hover&quot;:{&quot;unit&quot;:&quot;px&quot;,&quot;size&quot;:-5,&quot;sizes&quot;:[]},&quot;_transform_translateX_effect_hover_laptop&quot;:{&quot;unit&quot;:&quot;px&quot;,&quot;size&quot;:&quot;&quot;,&quot;sizes&quot;:[]},&quot;_transform_translateX_effect_hover_tablet&quot;:{&quot;unit&quot;:&quot;px&quot;,&quot;size&quot;:&quot;&quot;,&quot;sizes&quot;:[]},&quot;_transform_translateX_effect_hover_mobile&quot;:{&quot;unit&quot;:&quot;px&quot;,&quot;size&quot;:&quot;&quot;,&quot;sizes&quot;:[]},&quot;_transform_translateY_effect_hover_laptop&quot;:{&quot;unit&quot;:&quot;px&quot;,&quot;size&quot;:&quot;&quot;,&quot;sizes&quot;:[]},&quot;_transform_translateY_effect_hover_tablet&quot;:{&quot;unit&quot;:&quot;px&quot;,&quot;size&quot;:&quot;&quot;,&quot;sizes&quot;:[]},&quot;_transform_translateY_effect_hover_mobile&quot;:{&quot;unit&quot;:&quot;px&quot;,&quot;size&quot;:&quot;&quot;,&quot;sizes&quot;:[]}}\" href=\"https:\/\/miperuexpress.com\/index.php\/paqueteria\/\">\n\t\t\t\t<div class=\"elementor-element elementor-element-baaf60f elementor-widget elementor-widget-heading\" data-id=\"baaf60f\" data-element_type=\"widget\" data-widget_type=\"heading.default\">\n\t\t\t\t\t<h2 class=\"elementor-heading-title elementor-size-default\">Paqueter\u00eda<\/h2>\t\t\t\t<\/div>\n\t\t\t\t<div class=\"elementor-element elementor-element-5a3a73e elementor-widget elementor-widget-image\" data-id=\"5a3a73e\" data-element_type=\"widget\" data-widget_type=\"image.default\">\n\t\t\t\t\t\t\t\t\t\t\t\t\t\t\t<img decoding=\"async\" width=\"800\" height=\"572\" src=\"https:\/\/miperuexpress.com\/wp-content\/uploads\/2025\/11\/icono-02-1024x732.png\" class=\"attachment-large size-large wp-image-111\" alt=\"\" srcset=\"https:\/\/miperuexpress.com\/wp-content\/uploads\/2025\/11\/icono-02-1024x732.png 1024w, https:\/\/miperuexpress.com\/wp-content\/uploads\/2025\/11\/icono-02-300x215.png 300w, https:\/\/miperuexpress.com\/wp-content\/uploads\/2025\/11\/icono-02-768x549.png 768w, https:\/\/miperuexpress.com\/wp-content\/uploads\/2025\/11\/icono-02.png 1418w\" sizes=\"(max-width: 800px) 100vw, 800px\" \/>\t\t\t\t\t\t\t\t\t\t\t\t\t\t\t<\/div>\n\t\t\t\t<\/a>\n\t\t<a class=\"elementor-element elementor-element-81215ac e-con-full e-transform e-flex e-con e-child\" data-id=\"81215ac\" data-element_type=\"container\" data-settings=\"{&quot;background_background&quot;:&quot;classic&quot;,&quot;_transform_translateX_effect_hover&quot;:{&quot;unit&quot;:&quot;px&quot;,&quot;size&quot;:0,&quot;sizes&quot;:[]},&quot;_transform_translateY_effect_hover&quot;:{&quot;unit&quot;:&quot;px&quot;,&quot;size&quot;:-5,&quot;sizes&quot;:[]},&quot;_transform_translateX_effect_hover_laptop&quot;:{&quot;unit&quot;:&quot;px&quot;,&quot;size&quot;:&quot;&quot;,&quot;sizes&quot;:[]},&quot;_transform_translateX_effect_hover_tablet&quot;:{&quot;unit&quot;:&quot;px&quot;,&quot;size&quot;:&quot;&quot;,&quot;sizes&quot;:[]},&quot;_transform_translateX_effect_hover_mobile&quot;:{&quot;unit&quot;:&quot;px&quot;,&quot;size&quot;:&quot;&quot;,&quot;sizes&quot;:[]},&quot;_transform_translateY_effect_hover_laptop&quot;:{&quot;unit&quot;:&quot;px&quot;,&quot;size&quot;:&quot;&quot;,&quot;sizes&quot;:[]},&quot;_transform_translateY_effect_hover_tablet&quot;:{&quot;unit&quot;:&quot;px&quot;,&quot;size&quot;:&quot;&quot;,&quot;sizes&quot;:[]},&quot;_transform_translateY_effect_hover_mobile&quot;:{&quot;unit&quot;:&quot;px&quot;,&quot;size&quot;:&quot;&quot;,&quot;sizes&quot;:[]}}\" href=\"https:\/\/miperuexpress.com\/index.php\/transporte-de-carga\/\">\n\t\t\t\t<div class=\"elementor-element elementor-element-50a1a31 elementor-widget elementor-widget-heading\" data-id=\"50a1a31\" data-element_type=\"widget\" data-widget_type=\"heading.default\">\n\t\t\t\t\t<h2 class=\"elementor-heading-title elementor-size-default\">Transporte de carga<\/h2>\t\t\t\t<\/div>\n\t\t\t\t<div class=\"elementor-element elementor-element-67ecfb6 elementor-widget elementor-widget-image\" data-id=\"67ecfb6\" data-element_type=\"widget\" data-widget_type=\"image.default\">\n\t\t\t\t\t\t\t\t\t\t\t\t\t\t\t<img decoding=\"async\" width=\"800\" height=\"573\" src=\"https:\/\/miperuexpress.com\/wp-content\/uploads\/2025\/11\/icono-03-1024x733.png\" class=\"attachment-large size-large wp-image-112\" alt=\"\" srcset=\"https:\/\/miperuexpress.com\/wp-content\/uploads\/2025\/11\/icono-03-1024x733.png 1024w, https:\/\/miperuexpress.com\/wp-content\/uploads\/2025\/11\/icono-03-300x215.png 300w, https:\/\/miperuexpress.com\/wp-content\/uploads\/2025\/11\/icono-03-768x550.png 768w, https:\/\/miperuexpress.com\/wp-content\/uploads\/2025\/11\/icono-03.png 1417w\" sizes=\"(max-width: 800px) 100vw, 800px\" \/>\t\t\t\t\t\t\t\t\t\t\t\t\t\t\t<\/div>\n\t\t\t\t<\/a>\n\t\t\t\t\t<\/div>\n\t\t\t\t<\/div>\n\t\t<div class=\"elementor-element elementor-element-f5bf572 e-flex e-con-boxed e-con e-parent\" data-id=\"f5bf572\" data-element_type=\"container\" data-settings=\"{&quot;background_background&quot;:&quot;classic&quot;}\">\n\t\t\t\t\t<div class=\"e-con-inner\">\n\t\t<div class=\"elementor-element elementor-element-dc514e5 e-con-full e-flex e-con e-child\" data-id=\"dc514e5\" data-element_type=\"container\">\n\t\t\t\t<div class=\"elementor-element elementor-element-eb7f758 elementor-widget elementor-widget-heading\" data-id=\"eb7f758\" data-element_type=\"widget\" data-widget_type=\"heading.default\">\n\t\t\t\t\t<h2 class=\"elementor-heading-title elementor-size-default\">Transporte de carga<\/h2>\t\t\t\t<\/div>\n\t\t\t\t<div class=\"elementor-element elementor-element-d0776bc elementor-widget elementor-widget-text-editor\" data-id=\"d0776bc\" data-element_type=\"widget\" data-widget_type=\"text-editor.default\">\n\t\t\t\t\t\t\t\t\t<p>ofrecemos un <strong data-start=\"254\" data-end=\"306\">transporte de carga seguro, r\u00e1pido y profesional<\/strong>, pensado para empresas y clientes que necesitan trasladar mercanc\u00edas con puntualidad y total cuidado. Nos encargamos de que tu carga llegue a su destino en el tiempo acordado y en perfectas condiciones.<\/p>\t\t\t\t\t\t\t\t<\/div>\n\t\t\t\t<div class=\"elementor-element elementor-element-ccb3e3e elementor-widget elementor-widget-text-editor\" data-id=\"ccb3e3e\" data-element_type=\"widget\" data-widget_type=\"text-editor.default\">\n\t\t\t\t\t\t\t\t\t<h3 data-start=\"511\" data-end=\"559\">\ud83d\udcbc <strong data-start=\"518\" data-end=\"559\">Soluciones para todo tipo de negocios<\/strong><\/h3><p data-start=\"560\" data-end=\"770\">Transportamos desde productos comerciales, materiales, equipos, insumos y carga pesada, hasta mercanc\u00edas delicadas que requieren manejo especializado. Adaptamos nuestro servicio a las necesidades de tu empresa.<\/p><h3 data-start=\"772\" data-end=\"806\">\u23f1\ufe0f <strong data-start=\"779\" data-end=\"806\">Puntualidad garantizada<\/strong><\/h3><p data-start=\"807\" data-end=\"954\">Sabemos que el tiempo es clave en la log\u00edstica. Por eso cumplimos con rutas optimizadas, horarios precisos y una gesti\u00f3n eficiente en cada entrega.<\/p><h3 data-start=\"956\" data-end=\"993\">\ud83d\udd12 <strong data-start=\"963\" data-end=\"993\">Seguridad en cada traslado<\/strong><\/h3><p data-start=\"994\" data-end=\"1143\">Tu carga viaja protegida. Utilizamos veh\u00edculos en buen estado, t\u00e9cnicas de aseguramiento y personal capacitado para manipular todo tipo de mercanc\u00eda.<\/p><h3 data-start=\"1145\" data-end=\"1184\">\ud83d\ude9a <strong data-start=\"1152\" data-end=\"1184\">Nuestros servicios incluyen:<\/strong><\/h3><ul data-start=\"1185\" data-end=\"1422\"><li data-start=\"1185\" data-end=\"1224\"><p data-start=\"1187\" data-end=\"1224\">Transporte de carga ligera y pesada<\/p><\/li><li data-start=\"1225\" data-end=\"1263\"><p data-start=\"1227\" data-end=\"1263\">Env\u00edos dentro y fuera de la ciudad<\/p><\/li><li data-start=\"1264\" data-end=\"1306\"><p data-start=\"1266\" data-end=\"1306\">Distribuci\u00f3n para negocios y comercios<\/p><\/li><li data-start=\"1307\" data-end=\"1339\"><p data-start=\"1309\" data-end=\"1339\">Carga y descarga profesional<\/p><\/li><li data-start=\"1340\" data-end=\"1388\"><p data-start=\"1342\" data-end=\"1388\">Traslado de maquinaria, insumos y materiales<\/p><\/li><li data-start=\"1389\" data-end=\"1422\"><p data-start=\"1391\" data-end=\"1422\">Servicio programado y urgente<\/p><\/li><\/ul><h3 data-start=\"1424\" data-end=\"1446\">\ud83c\udf0e <strong data-start=\"1431\" data-end=\"1446\">Ideal para:<\/strong><\/h3><ul data-start=\"1447\" data-end=\"1617\"><li data-start=\"1447\" data-end=\"1486\"><p data-start=\"1449\" data-end=\"1486\">Empresas comerciales e industriales<\/p><\/li><li data-start=\"1487\" data-end=\"1505\"><p data-start=\"1489\" data-end=\"1505\">Tiendas online<\/p><\/li><li data-start=\"1506\" data-end=\"1538\"><p data-start=\"1508\" data-end=\"1538\">Proveedores y distribuidores<\/p><\/li><li data-start=\"1539\" data-end=\"1567\"><p data-start=\"1541\" data-end=\"1567\">Construcci\u00f3n y log\u00edstica<\/p><\/li><li data-start=\"1568\" data-end=\"1617\"><p data-start=\"1570\" data-end=\"1617\">Emprendedores que requieren env\u00edos frecuentes<\/p><\/li><\/ul><h3 data-start=\"1619\" data-end=\"1656\">\ud83e\udd1d <strong data-start=\"1626\" data-end=\"1656\">Compromiso y transparencia<\/strong><\/h3><p data-start=\"1657\" data-end=\"1777\">Trabajamos con tarifas justas, comunicaci\u00f3n constante y un servicio hecho con dedicaci\u00f3n. Tu carga est\u00e1 en buenas manos.<\/p>\t\t\t\t\t\t\t\t<\/div>\n\t\t\t\t<\/div>\n\t\t<div class=\"elementor-element elementor-element-db728d8 e-con-full e-flex e-con e-child\" data-id=\"db728d8\" data-element_type=\"container\">\n\t\t<div class=\"elementor-element elementor-element-2f26327 e-con-full we e-flex e-con e-child\" data-id=\"2f26327\" data-element_type=\"container\" data-settings=\"{&quot;background_background&quot;:&quot;classic&quot;}\">\n\t\t\t\t<div class=\"elementor-element elementor-element-c1c9686 elementor-widget elementor-widget-heading\" data-id=\"c1c9686\" data-element_type=\"widget\" data-widget_type=\"heading.default\">\n\t\t\t\t\t<h2 class=\"elementor-heading-title elementor-size-default\">Solicitud de cotizaci\u00f3n<\/h2>\t\t\t\t<\/div>\n\t\t<div class=\"elementor-element elementor-element-5d30ed6 e-con-full e-flex e-con e-child\" data-id=\"5d30ed6\" data-element_type=\"container\">\n\t\t\t\t<div class=\"elementor-element elementor-element-dbf0e28 elementor-widget elementor-widget-text-editor\" data-id=\"dbf0e28\" data-element_type=\"widget\" data-widget_type=\"text-editor.default\">\n\t\t\t\t\t\t\t\t\t<p>Deseas enviar una carga, paquete o realizar una mudanza, env\u00eda tu requerimiento y en breve tendremos una cotizaci\u00f3n:<\/p>\t\t\t\t\t\t\t\t<\/div>\n\t\t\t\t<div class=\"elementor-element elementor-element-f6a4d6e elementor-button-align-stretch elementor-widget elementor-widget-form\" data-id=\"f6a4d6e\" data-element_type=\"widget\" data-settings=\"{&quot;step_next_label&quot;:&quot;Next&quot;,&quot;step_previous_label&quot;:&quot;Previous&quot;,&quot;button_width&quot;:&quot;100&quot;,&quot;step_type&quot;:&quot;number_text&quot;,&quot;step_icon_shape&quot;:&quot;circle&quot;}\" data-widget_type=\"form.default\">\n\t\t\t\t\t\t\t<form class=\"elementor-form\" method=\"post\" name=\"New Form\" aria-label=\"New Form\">\n\t\t\t<input type=\"hidden\" name=\"post_id\" value=\"190\"\/>\n\t\t\t<input type=\"hidden\" name=\"form_id\" value=\"f6a4d6e\"\/>\n\t\t\t<input type=\"hidden\" name=\"referer_title\" value=\"Transporte de carga\" \/>\n\n\t\t\t\t\t\t\t<input type=\"hidden\" name=\"queried_id\" value=\"190\"\/>\n\t\t\t\n\t\t\t<div class=\"elementor-form-fields-wrapper elementor-labels-above\">\n\t\t\t\t\t\t\t\t<div class=\"elementor-field-type-text elementor-field-group elementor-column elementor-field-group-name elementor-col-100\">\n\t\t\t\t\t\t\t\t\t\t\t\t\t<input size=\"1\" type=\"text\" name=\"form_fields[name]\" id=\"form-field-name\" class=\"elementor-field elementor-size-sm  elementor-field-textual\" placeholder=\"Nombre \/ Raz\u00f3n social\">\n\t\t\t\t\t\t\t\t\t\t\t<\/div>\n\t\t\t\t\t\t\t\t<div class=\"elementor-field-type-email elementor-field-group elementor-column elementor-field-group-email elementor-col-100 elementor-field-required\">\n\t\t\t\t\t\t\t\t\t\t\t\t\t<input size=\"1\" type=\"email\" name=\"form_fields[email]\" id=\"form-field-email\" class=\"elementor-field elementor-size-sm  elementor-field-textual\" placeholder=\"Email\" required=\"required\">\n\t\t\t\t\t\t\t\t\t\t\t<\/div>\n\t\t\t\t\t\t\t\t<div class=\"elementor-field-type-tel elementor-field-group elementor-column elementor-field-group-field_563d18a elementor-col-100 elementor-field-required\">\n\t\t\t\t\t\t\t<input size=\"1\" type=\"tel\" name=\"form_fields[field_563d18a]\" id=\"form-field-field_563d18a\" class=\"elementor-field elementor-size-sm  elementor-field-textual\" placeholder=\"Tel\u00e9fono\" required=\"required\" pattern=\"[0-9()#&amp;+*-=.]+\" title=\"Only numbers and phone characters (#, -, *, etc) are accepted.\">\n\n\t\t\t\t\t\t<\/div>\n\t\t\t\t\t\t\t\t<div class=\"elementor-field-type-textarea elementor-field-group elementor-column elementor-field-group-message elementor-col-100\">\n\t\t\t\t\t<textarea class=\"elementor-field-textual elementor-field  elementor-size-sm\" name=\"form_fields[message]\" id=\"form-field-message\" rows=\"4\" placeholder=\"Requerimiento\"><\/textarea>\t\t\t\t<\/div>\n\t\t\t\t\t\t\t\t<div class=\"elementor-field-group elementor-column elementor-field-type-submit elementor-col-100 e-form__buttons\">\n\t\t\t\t\t<button class=\"elementor-button elementor-size-sm\" type=\"submit\">\n\t\t\t\t\t\t<span class=\"elementor-button-content-wrapper\">\n\t\t\t\t\t\t\t\t\t\t\t\t\t\t\t\t\t\t\t\t\t\t<span class=\"elementor-button-text\">Enviar<\/span>\n\t\t\t\t\t\t\t\t\t\t\t\t\t<\/span>\n\t\t\t\t\t<\/button>\n\t\t\t\t<\/div>\n\t\t\t<\/div>\n\t\t<\/form>\n\t\t\t\t\t\t<\/div>\n\t\t\t\t<\/div>\n\t\t\t\t<\/div>\n\t\t\t\t<\/div>\n\t\t\t\t\t<\/div>\n\t\t\t\t<\/div>\n\t\t\t\t<\/div>\n\t\t","protected":false},"excerpt":{"rendered":"<p>Mudanzas Paqueter\u00eda Transporte de carga Transporte de carga ofrecemos un transporte de carga seguro, r\u00e1pido y profesional, pensado para empresas y clientes que necesitan trasladar mercanc\u00edas con puntualidad y total cuidado. Nos encargamos de que tu carga llegue a su destino en el tiempo acordado y en perfectas condiciones. \ud83d\udcbc Soluciones para todo tipo de [&hellip;]<\/p>\n","protected":false},"author":1,"featured_media":0,"parent":0,"menu_order":0,"comment_status":"closed","ping_status":"closed","template":"","meta":{"footnotes":""},"class_list":["post-190","page","type-page","status-publish","hentry"],"_links":{"self":[{"href":"https:\/\/miperuexpress.com\/index.php\/wp-json\/wp\/v2\/pages\/190","targetHints":{"allow":["GET"]}}],"collection":[{"href":"https:\/\/miperuexpress.com\/index.php\/wp-json\/wp\/v2\/pages"}],"about":[{"href":"https:\/\/miperuexpress.com\/index.php\/wp-json\/wp\/v2\/types\/page"}],"author":[{"embeddable":true,"href":"https:\/\/miperuexpress.com\/index.php\/wp-json\/wp\/v2\/users\/1"}],"replies":[{"embeddable":true,"href":"https:\/\/miperuexpress.com\/index.php\/wp-json\/wp\/v2\/comments?post=190"}],"version-history":[{"count":7,"href":"https:\/\/miperuexpress.com\/index.php\/wp-json\/wp\/v2\/pages\/190\/revisions"}],"predecessor-version":[{"id":219,"href":"https:\/\/miperuexpress.com\/index.php\/wp-json\/wp\/v2\/pages\/190\/revisions\/219"}],"wp:attachment":[{"href":"https:\/\/miperuexpress.com\/index.php\/wp-json\/wp\/v2\/media?parent=190"}],"curies":[{"name":"wp","href":"https:\/\/api.w.org\/{rel}","templated":true}]}}