{"id":188,"date":"2025-11-19T12:47:58","date_gmt":"2025-11-19T17:47:58","guid":{"rendered":"https:\/\/miperuexpress.com\/?page_id=188"},"modified":"2025-11-19T12:53:48","modified_gmt":"2025-11-19T17:53:48","slug":"paqueteria","status":"publish","type":"page","link":"https:\/\/miperuexpress.com\/index.php\/paqueteria\/","title":{"rendered":"Paqueteria"},"content":{"rendered":"\t\t<div data-elementor-type=\"wp-page\" data-elementor-id=\"188\" class=\"elementor elementor-188\" data-elementor-post-type=\"page\">\n\t\t\t\t<div class=\"elementor-element elementor-element-b440361 e-flex e-con-boxed e-con e-parent\" data-id=\"b440361\" data-element_type=\"container\" data-settings=\"{&quot;background_background&quot;:&quot;classic&quot;}\">\n\t\t\t\t\t<div class=\"e-con-inner\">\n\t\t<a class=\"elementor-element elementor-element-eabe28e e-con-full e-transform e-flex e-con e-child\" data-id=\"eabe28e\" data-element_type=\"container\" data-settings=\"{&quot;background_background&quot;:&quot;classic&quot;,&quot;_transform_translateX_effect_hover&quot;:{&quot;unit&quot;:&quot;px&quot;,&quot;size&quot;:0,&quot;sizes&quot;:[]},&quot;_transform_translateY_effect_hover&quot;:{&quot;unit&quot;:&quot;px&quot;,&quot;size&quot;:-5,&quot;sizes&quot;:[]},&quot;_transform_translateX_effect_hover_laptop&quot;:{&quot;unit&quot;:&quot;px&quot;,&quot;size&quot;:&quot;&quot;,&quot;sizes&quot;:[]},&quot;_transform_translateX_effect_hover_tablet&quot;:{&quot;unit&quot;:&quot;px&quot;,&quot;size&quot;:&quot;&quot;,&quot;sizes&quot;:[]},&quot;_transform_translateX_effect_hover_mobile&quot;:{&quot;unit&quot;:&quot;px&quot;,&quot;size&quot;:&quot;&quot;,&quot;sizes&quot;:[]},&quot;_transform_translateY_effect_hover_laptop&quot;:{&quot;unit&quot;:&quot;px&quot;,&quot;size&quot;:&quot;&quot;,&quot;sizes&quot;:[]},&quot;_transform_translateY_effect_hover_tablet&quot;:{&quot;unit&quot;:&quot;px&quot;,&quot;size&quot;:&quot;&quot;,&quot;sizes&quot;:[]},&quot;_transform_translateY_effect_hover_mobile&quot;:{&quot;unit&quot;:&quot;px&quot;,&quot;size&quot;:&quot;&quot;,&quot;sizes&quot;:[]}}\" href=\"https:\/\/miperuexpress.com\/index.php\/mudanzas\/\">\n\t\t\t\t<div class=\"elementor-element elementor-element-dfb84b0 elementor-widget elementor-widget-heading\" data-id=\"dfb84b0\" data-element_type=\"widget\" data-widget_type=\"heading.default\">\n\t\t\t\t\t<h2 class=\"elementor-heading-title elementor-size-default\">Mudanzas<\/h2>\t\t\t\t<\/div>\n\t\t\t\t<div class=\"elementor-element elementor-element-bbdf631 elementor-widget elementor-widget-image\" data-id=\"bbdf631\" data-element_type=\"widget\" data-widget_type=\"image.default\">\n\t\t\t\t\t\t\t\t\t\t\t\t\t\t\t<img fetchpriority=\"high\" decoding=\"async\" width=\"800\" height=\"573\" src=\"https:\/\/miperuexpress.com\/wp-content\/uploads\/2025\/11\/icono-01-1024x733.png\" class=\"attachment-large size-large wp-image-110\" alt=\"\" srcset=\"https:\/\/miperuexpress.com\/wp-content\/uploads\/2025\/11\/icono-01-1024x733.png 1024w, https:\/\/miperuexpress.com\/wp-content\/uploads\/2025\/11\/icono-01-300x215.png 300w, https:\/\/miperuexpress.com\/wp-content\/uploads\/2025\/11\/icono-01-768x550.png 768w, https:\/\/miperuexpress.com\/wp-content\/uploads\/2025\/11\/icono-01.png 1417w\" sizes=\"(max-width: 800px) 100vw, 800px\" \/>\t\t\t\t\t\t\t\t\t\t\t\t\t\t\t<\/div>\n\t\t\t\t<\/a>\n\t\t<a class=\"elementor-element elementor-element-664d960 e-con-full e-transform e-flex e-con e-child\" data-id=\"664d960\" data-element_type=\"container\" data-settings=\"{&quot;background_background&quot;:&quot;classic&quot;,&quot;_transform_translateX_effect_hover&quot;:{&quot;unit&quot;:&quot;px&quot;,&quot;size&quot;:0,&quot;sizes&quot;:[]},&quot;_transform_translateY_effect_hover&quot;:{&quot;unit&quot;:&quot;px&quot;,&quot;size&quot;:-5,&quot;sizes&quot;:[]},&quot;_transform_translateX_effect_hover_laptop&quot;:{&quot;unit&quot;:&quot;px&quot;,&quot;size&quot;:&quot;&quot;,&quot;sizes&quot;:[]},&quot;_transform_translateX_effect_hover_tablet&quot;:{&quot;unit&quot;:&quot;px&quot;,&quot;size&quot;:&quot;&quot;,&quot;sizes&quot;:[]},&quot;_transform_translateX_effect_hover_mobile&quot;:{&quot;unit&quot;:&quot;px&quot;,&quot;size&quot;:&quot;&quot;,&quot;sizes&quot;:[]},&quot;_transform_translateY_effect_hover_laptop&quot;:{&quot;unit&quot;:&quot;px&quot;,&quot;size&quot;:&quot;&quot;,&quot;sizes&quot;:[]},&quot;_transform_translateY_effect_hover_tablet&quot;:{&quot;unit&quot;:&quot;px&quot;,&quot;size&quot;:&quot;&quot;,&quot;sizes&quot;:[]},&quot;_transform_translateY_effect_hover_mobile&quot;:{&quot;unit&quot;:&quot;px&quot;,&quot;size&quot;:&quot;&quot;,&quot;sizes&quot;:[]}}\" href=\"https:\/\/miperuexpress.com\/index.php\/paqueteria\/\">\n\t\t\t\t<div class=\"elementor-element elementor-element-5ce30d0 elementor-widget elementor-widget-heading\" data-id=\"5ce30d0\" data-element_type=\"widget\" data-widget_type=\"heading.default\">\n\t\t\t\t\t<h2 class=\"elementor-heading-title elementor-size-default\">Paqueter\u00eda<\/h2>\t\t\t\t<\/div>\n\t\t\t\t<div class=\"elementor-element elementor-element-76b92c9 elementor-widget elementor-widget-image\" data-id=\"76b92c9\" data-element_type=\"widget\" data-widget_type=\"image.default\">\n\t\t\t\t\t\t\t\t\t\t\t\t\t\t\t<img decoding=\"async\" width=\"800\" height=\"572\" src=\"https:\/\/miperuexpress.com\/wp-content\/uploads\/2025\/11\/icono-02-1024x732.png\" class=\"attachment-large size-large wp-image-111\" alt=\"\" srcset=\"https:\/\/miperuexpress.com\/wp-content\/uploads\/2025\/11\/icono-02-1024x732.png 1024w, https:\/\/miperuexpress.com\/wp-content\/uploads\/2025\/11\/icono-02-300x215.png 300w, https:\/\/miperuexpress.com\/wp-content\/uploads\/2025\/11\/icono-02-768x549.png 768w, https:\/\/miperuexpress.com\/wp-content\/uploads\/2025\/11\/icono-02.png 1418w\" sizes=\"(max-width: 800px) 100vw, 800px\" \/>\t\t\t\t\t\t\t\t\t\t\t\t\t\t\t<\/div>\n\t\t\t\t<\/a>\n\t\t<a class=\"elementor-element elementor-element-f37407b e-con-full e-transform e-flex e-con e-child\" data-id=\"f37407b\" data-element_type=\"container\" data-settings=\"{&quot;background_background&quot;:&quot;classic&quot;,&quot;_transform_translateX_effect_hover&quot;:{&quot;unit&quot;:&quot;px&quot;,&quot;size&quot;:0,&quot;sizes&quot;:[]},&quot;_transform_translateY_effect_hover&quot;:{&quot;unit&quot;:&quot;px&quot;,&quot;size&quot;:-5,&quot;sizes&quot;:[]},&quot;_transform_translateX_effect_hover_laptop&quot;:{&quot;unit&quot;:&quot;px&quot;,&quot;size&quot;:&quot;&quot;,&quot;sizes&quot;:[]},&quot;_transform_translateX_effect_hover_tablet&quot;:{&quot;unit&quot;:&quot;px&quot;,&quot;size&quot;:&quot;&quot;,&quot;sizes&quot;:[]},&quot;_transform_translateX_effect_hover_mobile&quot;:{&quot;unit&quot;:&quot;px&quot;,&quot;size&quot;:&quot;&quot;,&quot;sizes&quot;:[]},&quot;_transform_translateY_effect_hover_laptop&quot;:{&quot;unit&quot;:&quot;px&quot;,&quot;size&quot;:&quot;&quot;,&quot;sizes&quot;:[]},&quot;_transform_translateY_effect_hover_tablet&quot;:{&quot;unit&quot;:&quot;px&quot;,&quot;size&quot;:&quot;&quot;,&quot;sizes&quot;:[]},&quot;_transform_translateY_effect_hover_mobile&quot;:{&quot;unit&quot;:&quot;px&quot;,&quot;size&quot;:&quot;&quot;,&quot;sizes&quot;:[]}}\" href=\"https:\/\/miperuexpress.com\/index.php\/transporte-de-carga\/\">\n\t\t\t\t<div class=\"elementor-element elementor-element-e6dfccc elementor-widget elementor-widget-heading\" data-id=\"e6dfccc\" data-element_type=\"widget\" data-widget_type=\"heading.default\">\n\t\t\t\t\t<h2 class=\"elementor-heading-title elementor-size-default\">Transporte de carga<\/h2>\t\t\t\t<\/div>\n\t\t\t\t<div class=\"elementor-element elementor-element-0711082 elementor-widget elementor-widget-image\" data-id=\"0711082\" data-element_type=\"widget\" data-widget_type=\"image.default\">\n\t\t\t\t\t\t\t\t\t\t\t\t\t\t\t<img decoding=\"async\" width=\"800\" height=\"573\" src=\"https:\/\/miperuexpress.com\/wp-content\/uploads\/2025\/11\/icono-03-1024x733.png\" class=\"attachment-large size-large wp-image-112\" alt=\"\" srcset=\"https:\/\/miperuexpress.com\/wp-content\/uploads\/2025\/11\/icono-03-1024x733.png 1024w, https:\/\/miperuexpress.com\/wp-content\/uploads\/2025\/11\/icono-03-300x215.png 300w, https:\/\/miperuexpress.com\/wp-content\/uploads\/2025\/11\/icono-03-768x550.png 768w, https:\/\/miperuexpress.com\/wp-content\/uploads\/2025\/11\/icono-03.png 1417w\" sizes=\"(max-width: 800px) 100vw, 800px\" \/>\t\t\t\t\t\t\t\t\t\t\t\t\t\t\t<\/div>\n\t\t\t\t<\/a>\n\t\t\t\t\t<\/div>\n\t\t\t\t<\/div>\n\t\t<div class=\"elementor-element elementor-element-affd61c e-flex e-con-boxed e-con e-parent\" data-id=\"affd61c\" data-element_type=\"container\" data-settings=\"{&quot;background_background&quot;:&quot;classic&quot;}\">\n\t\t\t\t\t<div class=\"e-con-inner\">\n\t\t<div class=\"elementor-element elementor-element-3a70748 e-con-full e-flex e-con e-child\" data-id=\"3a70748\" data-element_type=\"container\">\n\t\t\t\t<div class=\"elementor-element elementor-element-4b7ca5b elementor-widget elementor-widget-heading\" data-id=\"4b7ca5b\" data-element_type=\"widget\" data-widget_type=\"heading.default\">\n\t\t\t\t\t<h2 class=\"elementor-heading-title elementor-size-default\">Paqueteria<\/h2>\t\t\t\t<\/div>\n\t\t\t\t<div class=\"elementor-element elementor-element-abfef5b elementor-widget elementor-widget-text-editor\" data-id=\"abfef5b\" data-element_type=\"widget\" data-widget_type=\"text-editor.default\">\n\t\t\t\t\t\t\t\t\t<p>e ofrecemos un servicio de paqueter\u00eda pensado para quienes necesitan <strong data-start=\"283\" data-end=\"374\">enviar documentos, paquetes o productos de forma r\u00e1pida, confiable y sin complicaciones<\/strong>. Sabemos lo importante que es que tus env\u00edos lleguen a tiempo y en perfecto estado, por eso trabajamos con un est\u00e1ndar de calidad que garantiza seguridad desde la recolecci\u00f3n hasta la entrega final.<\/p>\t\t\t\t\t\t\t\t<\/div>\n\t\t\t\t<div class=\"elementor-element elementor-element-e7d7c00 elementor-widget elementor-widget-text-editor\" data-id=\"e7d7c00\" data-element_type=\"widget\" data-widget_type=\"text-editor.default\">\n\t\t\t\t\t\t\t\t\t<h3 data-start=\"575\" data-end=\"599\">\u26a1 <strong data-start=\"581\" data-end=\"599\">Entrega r\u00e1pida<\/strong><\/h3><p data-start=\"600\" data-end=\"735\">Realizamos env\u00edos express y programados, adapt\u00e1ndonos a la urgencia de cada cliente. Tu paquete llega cuando debe llegar, sin retrasos.<\/p><h3 data-start=\"737\" data-end=\"764\">\ud83d\udd12 <strong data-start=\"744\" data-end=\"764\">M\u00e1xima seguridad<\/strong><\/h3><p data-start=\"765\" data-end=\"922\">Cuidamos cada env\u00edo con el mayor cuidado. Utilizamos procesos de control y verificaci\u00f3n para asegurar que tu paquete est\u00e9 protegido durante todo el trayecto.<\/p><h3 data-start=\"924\" data-end=\"959\">\ud83d\ude9a <strong data-start=\"931\" data-end=\"959\">Servicio puerta a puerta<\/strong><\/h3><p data-start=\"960\" data-end=\"1100\">Nos encargamos de recoger tu paquete donde est\u00e9s y entregarlo directamente en la direcci\u00f3n indicada. Comodidad total para ti y tus clientes.<\/p><h3 data-start=\"1102\" data-end=\"1122\">\ud83d\udee0\ufe0f <strong data-start=\"1110\" data-end=\"1122\">Incluye:<\/strong><\/h3><ul data-start=\"1123\" data-end=\"1302\"><li data-start=\"1123\" data-end=\"1156\"><p data-start=\"1125\" data-end=\"1156\">Recolecci\u00f3n y entrega directa<\/p><\/li><li data-start=\"1157\" data-end=\"1199\"><p data-start=\"1159\" data-end=\"1199\">Manejo cuidadoso de paquetes delicados<\/p><\/li><li data-start=\"1200\" data-end=\"1238\"><p data-start=\"1202\" data-end=\"1238\">Rastreos e informaci\u00f3n actualizada<\/p><\/li><li data-start=\"1239\" data-end=\"1270\"><p data-start=\"1241\" data-end=\"1270\">Env\u00edos locales y nacionales<\/p><\/li><li data-start=\"1271\" data-end=\"1302\"><p data-start=\"1273\" data-end=\"1302\">Tarifas claras y accesibles<\/p><\/li><\/ul><h3 data-start=\"1304\" data-end=\"1328\">\u2b50 <strong data-start=\"1310\" data-end=\"1328\">Perfecto para:<\/strong><\/h3><ul data-start=\"1329\" data-end=\"1486\"><li data-start=\"1329\" data-end=\"1374\"><p data-start=\"1331\" data-end=\"1374\">Empresas que necesitan entregar productos<\/p><\/li><li data-start=\"1375\" data-end=\"1394\"><p data-start=\"1377\" data-end=\"1394\">Negocios online<\/p><\/li><li data-start=\"1395\" data-end=\"1430\"><p data-start=\"1397\" data-end=\"1430\">Env\u00edo de documentos importantes<\/p><\/li><li data-start=\"1431\" data-end=\"1464\"><p data-start=\"1433\" data-end=\"1464\">Paquetes personales o regalos<\/p><\/li><li data-start=\"1465\" data-end=\"1486\"><p data-start=\"1467\" data-end=\"1486\">Entregas urgentes<\/p><\/li><\/ul><h3 data-start=\"1488\" data-end=\"1520\">\ud83e\udd1d <strong data-start=\"1495\" data-end=\"1520\">Confianza garantizada<\/strong><\/h3><p data-start=\"1521\" data-end=\"1607\">Trabajamos con transparencia, puntualidad y compromiso. Tu env\u00edo es nuestra prioridad.<\/p>\t\t\t\t\t\t\t\t<\/div>\n\t\t\t\t<\/div>\n\t\t<div class=\"elementor-element elementor-element-7a73b26 e-con-full e-flex e-con e-child\" data-id=\"7a73b26\" data-element_type=\"container\">\n\t\t<div class=\"elementor-element elementor-element-f444e0d e-con-full we e-flex e-con e-child\" data-id=\"f444e0d\" data-element_type=\"container\" data-settings=\"{&quot;background_background&quot;:&quot;classic&quot;}\">\n\t\t\t\t<div class=\"elementor-element elementor-element-b1f0d27 elementor-widget elementor-widget-heading\" data-id=\"b1f0d27\" data-element_type=\"widget\" data-widget_type=\"heading.default\">\n\t\t\t\t\t<h2 class=\"elementor-heading-title elementor-size-default\">Solicitud de cotizaci\u00f3n<\/h2>\t\t\t\t<\/div>\n\t\t<div class=\"elementor-element elementor-element-c58a870 e-con-full e-flex e-con e-child\" data-id=\"c58a870\" data-element_type=\"container\">\n\t\t\t\t<div class=\"elementor-element elementor-element-974ab3c elementor-widget elementor-widget-text-editor\" data-id=\"974ab3c\" data-element_type=\"widget\" data-widget_type=\"text-editor.default\">\n\t\t\t\t\t\t\t\t\t<p>Deseas enviar una carga, paquete o realizar una mudanza, env\u00eda tu requerimiento y en breve tendremos una cotizaci\u00f3n:<\/p>\t\t\t\t\t\t\t\t<\/div>\n\t\t\t\t<div class=\"elementor-element elementor-element-2099a0e elementor-button-align-stretch elementor-widget elementor-widget-form\" data-id=\"2099a0e\" data-element_type=\"widget\" data-settings=\"{&quot;step_next_label&quot;:&quot;Next&quot;,&quot;step_previous_label&quot;:&quot;Previous&quot;,&quot;button_width&quot;:&quot;100&quot;,&quot;step_type&quot;:&quot;number_text&quot;,&quot;step_icon_shape&quot;:&quot;circle&quot;}\" data-widget_type=\"form.default\">\n\t\t\t\t\t\t\t<form class=\"elementor-form\" method=\"post\" name=\"New Form\" aria-label=\"New Form\">\n\t\t\t<input type=\"hidden\" name=\"post_id\" value=\"188\"\/>\n\t\t\t<input type=\"hidden\" name=\"form_id\" value=\"2099a0e\"\/>\n\t\t\t<input type=\"hidden\" name=\"referer_title\" value=\"Paqueteria\" \/>\n\n\t\t\t\t\t\t\t<input type=\"hidden\" name=\"queried_id\" value=\"188\"\/>\n\t\t\t\n\t\t\t<div class=\"elementor-form-fields-wrapper elementor-labels-above\">\n\t\t\t\t\t\t\t\t<div class=\"elementor-field-type-text elementor-field-group elementor-column elementor-field-group-name elementor-col-100\">\n\t\t\t\t\t\t\t\t\t\t\t\t\t<input size=\"1\" type=\"text\" name=\"form_fields[name]\" id=\"form-field-name\" class=\"elementor-field elementor-size-sm  elementor-field-textual\" placeholder=\"Nombre \/ Raz\u00f3n social\">\n\t\t\t\t\t\t\t\t\t\t\t<\/div>\n\t\t\t\t\t\t\t\t<div class=\"elementor-field-type-email elementor-field-group elementor-column elementor-field-group-email elementor-col-100 elementor-field-required\">\n\t\t\t\t\t\t\t\t\t\t\t\t\t<input size=\"1\" type=\"email\" name=\"form_fields[email]\" id=\"form-field-email\" class=\"elementor-field elementor-size-sm  elementor-field-textual\" placeholder=\"Email\" required=\"required\">\n\t\t\t\t\t\t\t\t\t\t\t<\/div>\n\t\t\t\t\t\t\t\t<div class=\"elementor-field-type-tel elementor-field-group elementor-column elementor-field-group-field_563d18a elementor-col-100 elementor-field-required\">\n\t\t\t\t\t\t\t<input size=\"1\" type=\"tel\" name=\"form_fields[field_563d18a]\" id=\"form-field-field_563d18a\" class=\"elementor-field elementor-size-sm  elementor-field-textual\" placeholder=\"Tel\u00e9fono\" required=\"required\" pattern=\"[0-9()#&amp;+*-=.]+\" title=\"Only numbers and phone characters (#, -, *, etc) are accepted.\">\n\n\t\t\t\t\t\t<\/div>\n\t\t\t\t\t\t\t\t<div class=\"elementor-field-type-textarea elementor-field-group elementor-column elementor-field-group-message elementor-col-100\">\n\t\t\t\t\t<textarea class=\"elementor-field-textual elementor-field  elementor-size-sm\" name=\"form_fields[message]\" id=\"form-field-message\" rows=\"4\" placeholder=\"Requerimiento\"><\/textarea>\t\t\t\t<\/div>\n\t\t\t\t\t\t\t\t<div class=\"elementor-field-group elementor-column elementor-field-type-submit elementor-col-100 e-form__buttons\">\n\t\t\t\t\t<button class=\"elementor-button elementor-size-sm\" type=\"submit\">\n\t\t\t\t\t\t<span class=\"elementor-button-content-wrapper\">\n\t\t\t\t\t\t\t\t\t\t\t\t\t\t\t\t\t\t\t\t\t\t<span class=\"elementor-button-text\">Enviar<\/span>\n\t\t\t\t\t\t\t\t\t\t\t\t\t<\/span>\n\t\t\t\t\t<\/button>\n\t\t\t\t<\/div>\n\t\t\t<\/div>\n\t\t<\/form>\n\t\t\t\t\t\t<\/div>\n\t\t\t\t<\/div>\n\t\t\t\t<\/div>\n\t\t\t\t<\/div>\n\t\t\t\t\t<\/div>\n\t\t\t\t<\/div>\n\t\t\t\t<\/div>\n\t\t","protected":false},"excerpt":{"rendered":"<p>Mudanzas Paqueter\u00eda Transporte de carga Paqueteria e ofrecemos un servicio de paqueter\u00eda pensado para quienes necesitan enviar documentos, paquetes o productos de forma r\u00e1pida, confiable y sin complicaciones. Sabemos lo importante que es que tus env\u00edos lleguen a tiempo y en perfecto estado, por eso trabajamos con un est\u00e1ndar de calidad que garantiza seguridad desde [&hellip;]<\/p>\n","protected":false},"author":1,"featured_media":0,"parent":0,"menu_order":0,"comment_status":"closed","ping_status":"closed","template":"","meta":{"footnotes":""},"class_list":["post-188","page","type-page","status-publish","hentry"],"_links":{"self":[{"href":"https:\/\/miperuexpress.com\/index.php\/wp-json\/wp\/v2\/pages\/188","targetHints":{"allow":["GET"]}}],"collection":[{"href":"https:\/\/miperuexpress.com\/index.php\/wp-json\/wp\/v2\/pages"}],"about":[{"href":"https:\/\/miperuexpress.com\/index.php\/wp-json\/wp\/v2\/types\/page"}],"author":[{"embeddable":true,"href":"https:\/\/miperuexpress.com\/index.php\/wp-json\/wp\/v2\/users\/1"}],"replies":[{"embeddable":true,"href":"https:\/\/miperuexpress.com\/index.php\/wp-json\/wp\/v2\/comments?post=188"}],"version-history":[{"count":10,"href":"https:\/\/miperuexpress.com\/index.php\/wp-json\/wp\/v2\/pages\/188\/revisions"}],"predecessor-version":[{"id":213,"href":"https:\/\/miperuexpress.com\/index.php\/wp-json\/wp\/v2\/pages\/188\/revisions\/213"}],"wp:attachment":[{"href":"https:\/\/miperuexpress.com\/index.php\/wp-json\/wp\/v2\/media?parent=188"}],"curies":[{"name":"wp","href":"https:\/\/api.w.org\/{rel}","templated":true}]}}