{"id":15,"date":"2025-11-17T19:27:48","date_gmt":"2025-11-18T00:27:48","guid":{"rendered":"https:\/\/miperuexpress.com\/?page_id=15"},"modified":"2025-11-21T10:52:26","modified_gmt":"2025-11-21T15:52:26","slug":"nosotros","status":"publish","type":"page","link":"https:\/\/miperuexpress.com\/index.php\/nosotros\/","title":{"rendered":"Nosotros"},"content":{"rendered":"\t\t<div data-elementor-type=\"wp-page\" data-elementor-id=\"15\" class=\"elementor elementor-15\" data-elementor-post-type=\"page\">\n\t\t\t\t<div class=\"elementor-element elementor-element-074ea4b e-flex e-con-boxed e-con e-parent\" data-id=\"074ea4b\" data-element_type=\"container\">\n\t\t\t\t\t<div class=\"e-con-inner\">\n\t\t\t\t<div class=\"elementor-element elementor-element-d9903ac elementor-widget elementor-widget-heading\" data-id=\"d9903ac\" data-element_type=\"widget\" data-widget_type=\"heading.default\">\n\t\t\t\t\t<h2 class=\"elementor-heading-title elementor-size-default\">Nosotros<\/h2>\t\t\t\t<\/div>\n\t\t\t\t\t<\/div>\n\t\t\t\t<\/div>\n\t\t<div class=\"elementor-element elementor-element-ef42d94 e-flex e-con-boxed e-con e-parent\" data-id=\"ef42d94\" data-element_type=\"container\">\n\t\t\t\t\t<div class=\"e-con-inner\">\n\t\t<div class=\"elementor-element elementor-element-59762fe e-con-full e-flex e-con e-child\" data-id=\"59762fe\" data-element_type=\"container\">\n\t\t\t\t<div class=\"elementor-element elementor-element-48ca253 elementor-widget elementor-widget-text-editor\" data-id=\"48ca253\" data-element_type=\"widget\" data-widget_type=\"text-editor.default\">\n\t\t\t\t\t\t\t\t\t<p>Somos una empresa del rubro del transporte en carretera, con mas de 10 a\u00f1os en el mercado. Brindando un servicio integral de transporte de carga sobredimensionada, pesada, liviana y fr\u00e1gil en veh\u00edculos de plataforma y abatibles dentro de todo el territorio Peruano. Nos caracterizamos por brindar un servicio eficiente y eficaz por la vocaci\u00f3n que se le caracteriza a nuestro fundador y Gerente general el Sr. Oscar David Arcondo Aucca. Somos una empresa autorizada por el Ministerios de Transportes y Comunicaciones. MI PERU EXPRESS no solo te brinda un servicio sino que te garantiza seguridad<\/p>\t\t\t\t\t\t\t\t<\/div>\n\t\t\t\t<div class=\"elementor-element elementor-element-5ceed6f elementor-widget elementor-widget-text-editor\" data-id=\"5ceed6f\" data-element_type=\"widget\" data-widget_type=\"text-editor.default\">\n\t\t\t\t\t\t\t\t\t<p>TE BRINDAMOS:<\/p><ul><li>Supervisi\u00f3n de operaciones por parte de personal especializado.<\/li><li>Garant\u00eda de entrega en el plazo establecido.<\/li><li>Control y Seguridad de su mercanc\u00eda.<\/li><li>Mejora el enfoque en las actividades claves de su empresa.<\/li><li>Tecnolog\u00eda de avanzada: Trazabilidad de su carga en tiempo real.<\/li><li>Reducci\u00f3n de costos, sin sacrificar calidad de servicio.<\/li><li>Reducci\u00f3n y descarga de planillas a trav\u00e9s de la tercerizaci\u00f3n de servicios de transporte<\/li><\/ul>\t\t\t\t\t\t\t\t<\/div>\n\t\t\t\t<\/div>\n\t\t<div class=\"elementor-element elementor-element-e2152aa e-con-full e-flex e-con e-child\" data-id=\"e2152aa\" data-element_type=\"container\">\n\t\t\t\t<div class=\"elementor-element elementor-element-ce45ed0 elementor-widget elementor-widget-gallery\" data-id=\"ce45ed0\" data-element_type=\"widget\" data-settings=\"{&quot;gallery_layout&quot;:&quot;justified&quot;,&quot;lazyload&quot;:&quot;yes&quot;,&quot;ideal_row_height&quot;:{&quot;unit&quot;:&quot;px&quot;,&quot;size&quot;:200,&quot;sizes&quot;:[]},&quot;ideal_row_height_laptop&quot;:{&quot;unit&quot;:&quot;px&quot;,&quot;size&quot;:150,&quot;sizes&quot;:[]},&quot;ideal_row_height_tablet&quot;:{&quot;unit&quot;:&quot;px&quot;,&quot;size&quot;:150,&quot;sizes&quot;:[]},&quot;ideal_row_height_mobile&quot;:{&quot;unit&quot;:&quot;px&quot;,&quot;size&quot;:150,&quot;sizes&quot;:[]},&quot;gap&quot;:{&quot;unit&quot;:&quot;px&quot;,&quot;size&quot;:10,&quot;sizes&quot;:[]},&quot;gap_laptop&quot;:{&quot;unit&quot;:&quot;px&quot;,&quot;size&quot;:10,&quot;sizes&quot;:[]},&quot;gap_tablet&quot;:{&quot;unit&quot;:&quot;px&quot;,&quot;size&quot;:10,&quot;sizes&quot;:[]},&quot;gap_mobile&quot;:{&quot;unit&quot;:&quot;px&quot;,&quot;size&quot;:10,&quot;sizes&quot;:[]},&quot;link_to&quot;:&quot;file&quot;,&quot;overlay_background&quot;:&quot;yes&quot;,&quot;content_hover_animation&quot;:&quot;fade-in&quot;}\" data-widget_type=\"gallery.default\">\n\t\t\t\t\t\t\t<div class=\"elementor-gallery__container\">\n\t\t\t\t\t\t\t<a class=\"e-gallery-item elementor-gallery-item elementor-animated-content\" href=\"https:\/\/miperuexpress.com\/wp-content\/uploads\/2025\/11\/Imagen-de-WhatsApp-2025-11-15-a-las-08.59.10_117df48b.jpg\" data-elementor-open-lightbox=\"yes\" data-elementor-lightbox-slideshow=\"ce45ed0\" data-elementor-lightbox-title=\"Imagen de WhatsApp 2025-11-15 a las 08.59.10_117df48b\" data-e-action-hash=\"#elementor-action%3Aaction%3Dlightbox%26settings%3DeyJpZCI6MTUzLCJ1cmwiOiJodHRwczpcL1wvbWlwZXJ1ZXhwcmVzcy5jb21cL3dwLWNvbnRlbnRcL3VwbG9hZHNcLzIwMjVcLzExXC9JbWFnZW4tZGUtV2hhdHNBcHAtMjAyNS0xMS0xNS1hLWxhcy0wOC41OS4xMF8xMTdkZjQ4Yi5qcGciLCJzbGlkZXNob3ciOiJjZTQ1ZWQwIn0%3D\">\n\t\t\t\t\t<div class=\"e-gallery-image elementor-gallery-item__image\" data-thumbnail=\"https:\/\/miperuexpress.com\/wp-content\/uploads\/2025\/11\/Imagen-de-WhatsApp-2025-11-15-a-las-08.59.10_117df48b-142x300.jpg\" data-width=\"142\" data-height=\"300\" aria-label=\"\" role=\"img\" ><\/div>\n\t\t\t\t\t\t\t\t\t\t\t<div class=\"elementor-gallery-item__overlay\"><\/div>\n\t\t\t\t\t\t\t\t\t\t\t\t\t\t<\/a>\n\t\t\t\t\t\t\t<a class=\"e-gallery-item elementor-gallery-item elementor-animated-content\" href=\"https:\/\/miperuexpress.com\/wp-content\/uploads\/2025\/11\/Imagen-de-WhatsApp-2025-11-15-a-las-08.59.10_8022f245.jpg\" data-elementor-open-lightbox=\"yes\" data-elementor-lightbox-slideshow=\"ce45ed0\" data-elementor-lightbox-title=\"Imagen de WhatsApp 2025-11-15 a las 08.59.10_8022f245\" data-e-action-hash=\"#elementor-action%3Aaction%3Dlightbox%26settings%3DeyJpZCI6MTU0LCJ1cmwiOiJodHRwczpcL1wvbWlwZXJ1ZXhwcmVzcy5jb21cL3dwLWNvbnRlbnRcL3VwbG9hZHNcLzIwMjVcLzExXC9JbWFnZW4tZGUtV2hhdHNBcHAtMjAyNS0xMS0xNS1hLWxhcy0wOC41OS4xMF84MDIyZjI0NS5qcGciLCJzbGlkZXNob3ciOiJjZTQ1ZWQwIn0%3D\">\n\t\t\t\t\t<div class=\"e-gallery-image elementor-gallery-item__image\" data-thumbnail=\"https:\/\/miperuexpress.com\/wp-content\/uploads\/2025\/11\/Imagen-de-WhatsApp-2025-11-15-a-las-08.59.10_8022f245-225x300.jpg\" data-width=\"225\" data-height=\"300\" aria-label=\"\" role=\"img\" ><\/div>\n\t\t\t\t\t\t\t\t\t\t\t<div class=\"elementor-gallery-item__overlay\"><\/div>\n\t\t\t\t\t\t\t\t\t\t\t\t\t\t<\/a>\n\t\t\t\t\t\t\t<a class=\"e-gallery-item elementor-gallery-item elementor-animated-content\" href=\"https:\/\/miperuexpress.com\/wp-content\/uploads\/2025\/11\/Imagen-de-WhatsApp-2025-11-15-a-las-08.59.10_33937e68.jpg\" data-elementor-open-lightbox=\"yes\" data-elementor-lightbox-slideshow=\"ce45ed0\" data-elementor-lightbox-title=\"Imagen de WhatsApp 2025-11-15 a las 08.59.10_33937e68\" data-e-action-hash=\"#elementor-action%3Aaction%3Dlightbox%26settings%3DeyJpZCI6MTU1LCJ1cmwiOiJodHRwczpcL1wvbWlwZXJ1ZXhwcmVzcy5jb21cL3dwLWNvbnRlbnRcL3VwbG9hZHNcLzIwMjVcLzExXC9JbWFnZW4tZGUtV2hhdHNBcHAtMjAyNS0xMS0xNS1hLWxhcy0wOC41OS4xMF8zMzkzN2U2OC5qcGciLCJzbGlkZXNob3ciOiJjZTQ1ZWQwIn0%3D\">\n\t\t\t\t\t<div class=\"e-gallery-image elementor-gallery-item__image\" data-thumbnail=\"https:\/\/miperuexpress.com\/wp-content\/uploads\/2025\/11\/Imagen-de-WhatsApp-2025-11-15-a-las-08.59.10_33937e68-142x300.jpg\" data-width=\"142\" data-height=\"300\" aria-label=\"\" role=\"img\" ><\/div>\n\t\t\t\t\t\t\t\t\t\t\t<div class=\"elementor-gallery-item__overlay\"><\/div>\n\t\t\t\t\t\t\t\t\t\t\t\t\t\t<\/a>\n\t\t\t\t\t\t\t<a class=\"e-gallery-item elementor-gallery-item elementor-animated-content\" href=\"https:\/\/miperuexpress.com\/wp-content\/uploads\/2025\/11\/Imagen-de-WhatsApp-2025-11-15-a-las-08.59.11_84b2187b.jpg\" data-elementor-open-lightbox=\"yes\" data-elementor-lightbox-slideshow=\"ce45ed0\" data-elementor-lightbox-title=\"Imagen de WhatsApp 2025-11-15 a las 08.59.11_84b2187b\" data-e-action-hash=\"#elementor-action%3Aaction%3Dlightbox%26settings%3DeyJpZCI6MTU2LCJ1cmwiOiJodHRwczpcL1wvbWlwZXJ1ZXhwcmVzcy5jb21cL3dwLWNvbnRlbnRcL3VwbG9hZHNcLzIwMjVcLzExXC9JbWFnZW4tZGUtV2hhdHNBcHAtMjAyNS0xMS0xNS1hLWxhcy0wOC41OS4xMV84NGIyMTg3Yi5qcGciLCJzbGlkZXNob3ciOiJjZTQ1ZWQwIn0%3D\">\n\t\t\t\t\t<div class=\"e-gallery-image elementor-gallery-item__image\" data-thumbnail=\"https:\/\/miperuexpress.com\/wp-content\/uploads\/2025\/11\/Imagen-de-WhatsApp-2025-11-15-a-las-08.59.11_84b2187b-300x261.jpg\" data-width=\"300\" data-height=\"261\" aria-label=\"\" role=\"img\" ><\/div>\n\t\t\t\t\t\t\t\t\t\t\t<div class=\"elementor-gallery-item__overlay\"><\/div>\n\t\t\t\t\t\t\t\t\t\t\t\t\t\t<\/a>\n\t\t\t\t\t\t\t<a class=\"e-gallery-item elementor-gallery-item elementor-animated-content\" href=\"https:\/\/miperuexpress.com\/wp-content\/uploads\/2025\/11\/Imagen-de-WhatsApp-2025-11-15-a-las-08.59.11_a86880ef.jpg\" data-elementor-open-lightbox=\"yes\" data-elementor-lightbox-slideshow=\"ce45ed0\" data-elementor-lightbox-title=\"Imagen de WhatsApp 2025-11-15 a las 08.59.11_a86880ef\" data-e-action-hash=\"#elementor-action%3Aaction%3Dlightbox%26settings%3DeyJpZCI6MTU3LCJ1cmwiOiJodHRwczpcL1wvbWlwZXJ1ZXhwcmVzcy5jb21cL3dwLWNvbnRlbnRcL3VwbG9hZHNcLzIwMjVcLzExXC9JbWFnZW4tZGUtV2hhdHNBcHAtMjAyNS0xMS0xNS1hLWxhcy0wOC41OS4xMV9hODY4ODBlZi5qcGciLCJzbGlkZXNob3ciOiJjZTQ1ZWQwIn0%3D\">\n\t\t\t\t\t<div class=\"e-gallery-image elementor-gallery-item__image\" data-thumbnail=\"https:\/\/miperuexpress.com\/wp-content\/uploads\/2025\/11\/Imagen-de-WhatsApp-2025-11-15-a-las-08.59.11_a86880ef-300x231.jpg\" data-width=\"300\" data-height=\"231\" aria-label=\"\" role=\"img\" ><\/div>\n\t\t\t\t\t\t\t\t\t\t\t<div class=\"elementor-gallery-item__overlay\"><\/div>\n\t\t\t\t\t\t\t\t\t\t\t\t\t\t<\/a>\n\t\t\t\t\t\t\t<a class=\"e-gallery-item elementor-gallery-item elementor-animated-content\" href=\"https:\/\/miperuexpress.com\/wp-content\/uploads\/2025\/11\/Imagen-de-WhatsApp-2025-11-15-a-las-08.59.11_d4d6924f.jpg\" data-elementor-open-lightbox=\"yes\" data-elementor-lightbox-slideshow=\"ce45ed0\" data-elementor-lightbox-title=\"Imagen de WhatsApp 2025-11-15 a las 08.59.11_d4d6924f\" data-e-action-hash=\"#elementor-action%3Aaction%3Dlightbox%26settings%3DeyJpZCI6MTU4LCJ1cmwiOiJodHRwczpcL1wvbWlwZXJ1ZXhwcmVzcy5jb21cL3dwLWNvbnRlbnRcL3VwbG9hZHNcLzIwMjVcLzExXC9JbWFnZW4tZGUtV2hhdHNBcHAtMjAyNS0xMS0xNS1hLWxhcy0wOC41OS4xMV9kNGQ2OTI0Zi5qcGciLCJzbGlkZXNob3ciOiJjZTQ1ZWQwIn0%3D\">\n\t\t\t\t\t<div class=\"e-gallery-image elementor-gallery-item__image\" data-thumbnail=\"https:\/\/miperuexpress.com\/wp-content\/uploads\/2025\/11\/Imagen-de-WhatsApp-2025-11-15-a-las-08.59.11_d4d6924f-276x300.jpg\" data-width=\"276\" data-height=\"300\" aria-label=\"\" role=\"img\" ><\/div>\n\t\t\t\t\t\t\t\t\t\t\t<div class=\"elementor-gallery-item__overlay\"><\/div>\n\t\t\t\t\t\t\t\t\t\t\t\t\t\t<\/a>\n\t\t\t\t\t\t\t<a class=\"e-gallery-item elementor-gallery-item elementor-animated-content\" href=\"https:\/\/miperuexpress.com\/wp-content\/uploads\/2025\/11\/Imagen-de-WhatsApp-2025-11-15-a-las-08.59.12_8d100c5c.jpg\" data-elementor-open-lightbox=\"yes\" data-elementor-lightbox-slideshow=\"ce45ed0\" data-elementor-lightbox-title=\"Imagen de WhatsApp 2025-11-15 a las 08.59.12_8d100c5c\" data-e-action-hash=\"#elementor-action%3Aaction%3Dlightbox%26settings%3DeyJpZCI6MTU5LCJ1cmwiOiJodHRwczpcL1wvbWlwZXJ1ZXhwcmVzcy5jb21cL3dwLWNvbnRlbnRcL3VwbG9hZHNcLzIwMjVcLzExXC9JbWFnZW4tZGUtV2hhdHNBcHAtMjAyNS0xMS0xNS1hLWxhcy0wOC41OS4xMl84ZDEwMGM1Yy5qcGciLCJzbGlkZXNob3ciOiJjZTQ1ZWQwIn0%3D\">\n\t\t\t\t\t<div class=\"e-gallery-image elementor-gallery-item__image\" data-thumbnail=\"https:\/\/miperuexpress.com\/wp-content\/uploads\/2025\/11\/Imagen-de-WhatsApp-2025-11-15-a-las-08.59.12_8d100c5c-300x285.jpg\" data-width=\"300\" data-height=\"285\" aria-label=\"\" role=\"img\" ><\/div>\n\t\t\t\t\t\t\t\t\t\t\t<div class=\"elementor-gallery-item__overlay\"><\/div>\n\t\t\t\t\t\t\t\t\t\t\t\t\t\t<\/a>\n\t\t\t\t\t\t\t<a class=\"e-gallery-item elementor-gallery-item elementor-animated-content\" href=\"https:\/\/miperuexpress.com\/wp-content\/uploads\/2025\/11\/Imagen-de-WhatsApp-2025-11-15-a-las-08.59.12_73bea1ae.jpg\" data-elementor-open-lightbox=\"yes\" data-elementor-lightbox-slideshow=\"ce45ed0\" data-elementor-lightbox-title=\"Imagen de WhatsApp 2025-11-15 a las 08.59.12_73bea1ae\" data-e-action-hash=\"#elementor-action%3Aaction%3Dlightbox%26settings%3DeyJpZCI6MTYwLCJ1cmwiOiJodHRwczpcL1wvbWlwZXJ1ZXhwcmVzcy5jb21cL3dwLWNvbnRlbnRcL3VwbG9hZHNcLzIwMjVcLzExXC9JbWFnZW4tZGUtV2hhdHNBcHAtMjAyNS0xMS0xNS1hLWxhcy0wOC41OS4xMl83M2JlYTFhZS5qcGciLCJzbGlkZXNob3ciOiJjZTQ1ZWQwIn0%3D\">\n\t\t\t\t\t<div class=\"e-gallery-image elementor-gallery-item__image\" data-thumbnail=\"https:\/\/miperuexpress.com\/wp-content\/uploads\/2025\/11\/Imagen-de-WhatsApp-2025-11-15-a-las-08.59.12_73bea1ae-300x142.jpg\" data-width=\"300\" data-height=\"142\" aria-label=\"\" role=\"img\" ><\/div>\n\t\t\t\t\t\t\t\t\t\t\t<div class=\"elementor-gallery-item__overlay\"><\/div>\n\t\t\t\t\t\t\t\t\t\t\t\t\t\t<\/a>\n\t\t\t\t\t\t\t<a class=\"e-gallery-item elementor-gallery-item elementor-animated-content\" href=\"https:\/\/miperuexpress.com\/wp-content\/uploads\/2025\/11\/Imagen-de-WhatsApp-2025-11-15-a-las-08.59.12_253007a5.jpg\" data-elementor-open-lightbox=\"yes\" data-elementor-lightbox-slideshow=\"ce45ed0\" data-elementor-lightbox-title=\"Imagen de WhatsApp 2025-11-15 a las 08.59.12_253007a5\" data-e-action-hash=\"#elementor-action%3Aaction%3Dlightbox%26settings%3DeyJpZCI6MTYxLCJ1cmwiOiJodHRwczpcL1wvbWlwZXJ1ZXhwcmVzcy5jb21cL3dwLWNvbnRlbnRcL3VwbG9hZHNcLzIwMjVcLzExXC9JbWFnZW4tZGUtV2hhdHNBcHAtMjAyNS0xMS0xNS1hLWxhcy0wOC41OS4xMl8yNTMwMDdhNS5qcGciLCJzbGlkZXNob3ciOiJjZTQ1ZWQwIn0%3D\">\n\t\t\t\t\t<div class=\"e-gallery-image elementor-gallery-item__image\" data-thumbnail=\"https:\/\/miperuexpress.com\/wp-content\/uploads\/2025\/11\/Imagen-de-WhatsApp-2025-11-15-a-las-08.59.12_253007a5-300x189.jpg\" data-width=\"300\" data-height=\"189\" aria-label=\"\" role=\"img\" ><\/div>\n\t\t\t\t\t\t\t\t\t\t\t<div class=\"elementor-gallery-item__overlay\"><\/div>\n\t\t\t\t\t\t\t\t\t\t\t\t\t\t<\/a>\n\t\t\t\t\t<\/div>\n\t\t\t\t\t<\/div>\n\t\t\t\t<\/div>\n\t\t\t\t\t<\/div>\n\t\t\t\t<\/div>\n\t\t\t\t<\/div>\n\t\t","protected":false},"excerpt":{"rendered":"<p>Nosotros Somos una empresa del rubro del transporte en carretera, con mas de 10 a\u00f1os en el mercado. Brindando un servicio integral de transporte de carga sobredimensionada, pesada, liviana y fr\u00e1gil en veh\u00edculos de plataforma y abatibles dentro de todo el territorio Peruano. Nos caracterizamos por brindar un servicio eficiente y eficaz por la vocaci\u00f3n [&hellip;]<\/p>\n","protected":false},"author":1,"featured_media":0,"parent":0,"menu_order":0,"comment_status":"closed","ping_status":"closed","template":"","meta":{"footnotes":""},"class_list":["post-15","page","type-page","status-publish","hentry"],"_links":{"self":[{"href":"https:\/\/miperuexpress.com\/index.php\/wp-json\/wp\/v2\/pages\/15","targetHints":{"allow":["GET"]}}],"collection":[{"href":"https:\/\/miperuexpress.com\/index.php\/wp-json\/wp\/v2\/pages"}],"about":[{"href":"https:\/\/miperuexpress.com\/index.php\/wp-json\/wp\/v2\/types\/page"}],"author":[{"embeddable":true,"href":"https:\/\/miperuexpress.com\/index.php\/wp-json\/wp\/v2\/users\/1"}],"replies":[{"embeddable":true,"href":"https:\/\/miperuexpress.com\/index.php\/wp-json\/wp\/v2\/comments?post=15"}],"version-history":[{"count":16,"href":"https:\/\/miperuexpress.com\/index.php\/wp-json\/wp\/v2\/pages\/15\/revisions"}],"predecessor-version":[{"id":297,"href":"https:\/\/miperuexpress.com\/index.php\/wp-json\/wp\/v2\/pages\/15\/revisions\/297"}],"wp:attachment":[{"href":"https:\/\/miperuexpress.com\/index.php\/wp-json\/wp\/v2\/media?parent=15"}],"curies":[{"name":"wp","href":"https:\/\/api.w.org\/{rel}","templated":true}]}}